{"id":366,"date":"2017-04-18T08:01:43","date_gmt":"2017-04-18T08:01:43","guid":{"rendered":"http:\/\/localhost\/construction\/?page_id=366"},"modified":"2017-04-18T08:01:43","modified_gmt":"2017-04-18T08:01:43","slug":"our-services","status":"publish","type":"page","link":"https:\/\/avenida19.com\/en\/our-services\/","title":{"rendered":"Our Services"},"content":{"rendered":"<section class=\"vc_rows wpb_row vc_row-fluid vc_custom_1492503053058\" ><div class=\"container\"><div class=\"row\"><div class=\"wpb_column vc_column_container vc_col-sm-12\"><div class=\"vc_column-inner\"><div class=\"wpb_wrapper\">\t\n\t<div class=\"row\">\n\t\t<div class=\"col-md-4 col-sm-6\">\n\t\t<div class=\"service-item clearfix\">\n\t        <div class=\"thumb\"><a href=\"https:\/\/avenida19.com\/en\/services\/llave-en-mano\/\" title=\"LLAVE EN MANO\"><img fetchpriority=\"high\" decoding=\"async\" width=\"1280\" height=\"720\" src=\"https:\/\/avenida19.com\/wp-content\/uploads\/2023\/05\/WhatsApp-Image-2023-05-12-at-16.06.05.jpeg\" class=\"attachment-post-thumbnail size-post-thumbnail wp-post-image\" alt=\"\" srcset=\"https:\/\/avenida19.com\/wp-content\/uploads\/2023\/05\/WhatsApp-Image-2023-05-12-at-16.06.05.jpeg 1280w, https:\/\/avenida19.com\/wp-content\/uploads\/2023\/05\/WhatsApp-Image-2023-05-12-at-16.06.05-300x169.jpeg 300w, https:\/\/avenida19.com\/wp-content\/uploads\/2023\/05\/WhatsApp-Image-2023-05-12-at-16.06.05-1024x576.jpeg 1024w, https:\/\/avenida19.com\/wp-content\/uploads\/2023\/05\/WhatsApp-Image-2023-05-12-at-16.06.05-768x432.jpeg 768w, https:\/\/avenida19.com\/wp-content\/uploads\/2023\/05\/WhatsApp-Image-2023-05-12-at-16.06.05-18x10.jpeg 18w, https:\/\/avenida19.com\/wp-content\/uploads\/2023\/05\/WhatsApp-Image-2023-05-12-at-16.06.05-320x180.jpeg 320w, https:\/\/avenida19.com\/wp-content\/uploads\/2023\/05\/WhatsApp-Image-2023-05-12-at-16.06.05-480x270.jpeg 480w, https:\/\/avenida19.com\/wp-content\/uploads\/2023\/05\/WhatsApp-Image-2023-05-12-at-16.06.05-800x450.jpeg 800w\" sizes=\"(max-width: 1280px) 100vw, 1280px\" \/><\/a><\/div>\n\t        <div class=\"service-item-wrap\">\n\t            <h3 class=\"title font-size-18\"><a href=\"https:\/\/avenida19.com\/en\/services\/llave-en-mano\/\">LLAVE EN MANO<\/a><\/h3>\n\t            <p class=\"desc\">QUE ES UN PROYECTO LLAVE EN MANO Avenida 19 se encarga de todo! QU\u00c9 ES LLAVE EN MANO? Los proyectos llave en mano son todos aquellos donde nosotros como constructora, recibimos la responsabilidad total del cliente, a dise\u00f1ar, planificar, construir y entregar una obra o un proyecto. Es decir; donde Avenida 19 se encarga no [...]<\/p>\n\t            \t\t            <div class=\"link\">\n\t\t                <a href=\"https:\/\/avenida19.com\/en\/services\/llave-en-mano\/\" class=\"wprt-button small rounded-3px\">READ MORE<\/a>\n\t\t            <\/div>\n\t\t        \t        <\/div>\n\t    <\/div>\n\t    <div class=\"wprt-spacer\" data-desktop=\"60\" data-mobi=\"30\" data-smobi=\"30\"><\/div>\n\t<\/div>\n\n\t\t<div class=\"col-md-4 col-sm-6\">\n\t\t<div class=\"service-item clearfix\">\n\t        <div class=\"thumb\"><a href=\"https:\/\/avenida19.com\/en\/services\/construction-consultant\/\" title=\"DIRECCI\u00d3N T\u00c9CNICA\"><img decoding=\"async\" width=\"370\" height=\"220\" src=\"https:\/\/avenida19.com\/wp-content\/uploads\/2017\/03\/4-2.jpg\" class=\"attachment-post-thumbnail size-post-thumbnail wp-post-image\" alt=\"\" srcset=\"https:\/\/avenida19.com\/wp-content\/uploads\/2017\/03\/4-2.jpg 370w, https:\/\/avenida19.com\/wp-content\/uploads\/2017\/03\/4-2-300x178.jpg 300w\" sizes=\"(max-width: 370px) 100vw, 370px\" \/><\/a><\/div>\n\t        <div class=\"service-item-wrap\">\n\t            <h3 class=\"title font-size-18\"><a href=\"https:\/\/avenida19.com\/en\/services\/construction-consultant\/\">DIRECCI\u00d3N T\u00c9CNICA<\/a><\/h3>\n\t            <p class=\"desc\"><p>Dise\u00f1e, tramite y administre su proyecto con nosotros <\/p>\n<\/p>\n\t            \t\t            <div class=\"link\">\n\t\t                <a href=\"https:\/\/avenida19.com\/en\/services\/construction-consultant\/\" class=\"wprt-button small rounded-3px\">READ MORE<\/a>\n\t\t            <\/div>\n\t\t        \t        <\/div>\n\t    <\/div>\n\t    <div class=\"wprt-spacer\" data-desktop=\"60\" data-mobi=\"30\" data-smobi=\"30\"><\/div>\n\t<\/div>\n\n\t\t<div class=\"col-md-4 col-sm-6\">\n\t\t<div class=\"service-item clearfix\">\n\t        <div class=\"thumb\"><a href=\"https:\/\/avenida19.com\/en\/services\/resconstruction-services\/\" title=\"MANO DE OBRA\"><img decoding=\"async\" width=\"370\" height=\"220\" src=\"https:\/\/avenida19.com\/wp-content\/uploads\/2017\/03\/5-1.jpg\" class=\"attachment-post-thumbnail size-post-thumbnail wp-post-image\" alt=\"\" srcset=\"https:\/\/avenida19.com\/wp-content\/uploads\/2017\/03\/5-1.jpg 370w, https:\/\/avenida19.com\/wp-content\/uploads\/2017\/03\/5-1-300x178.jpg 300w\" sizes=\"(max-width: 370px) 100vw, 370px\" \/><\/a><\/div>\n\t        <div class=\"service-item-wrap\">\n\t            <h3 class=\"title font-size-18\"><a href=\"https:\/\/avenida19.com\/en\/services\/resconstruction-services\/\">MANO DE OBRA<\/a><\/h3>\n\t            <p class=\"desc\"><p>Avance de obra y trabajadores calificados <\/p>\n<\/p>\n\t            \t\t            <div class=\"link\">\n\t\t                <a href=\"https:\/\/avenida19.com\/en\/services\/resconstruction-services\/\" class=\"wprt-button small rounded-3px\">READ MORE<\/a>\n\t\t            <\/div>\n\t\t        \t        <\/div>\n\t    <\/div>\n\t    <div class=\"wprt-spacer\" data-desktop=\"60\" data-mobi=\"30\" data-smobi=\"30\"><\/div>\n\t<\/div>\n\n\t\t<div class=\"col-md-4 col-sm-6\">\n\t\t<div class=\"service-item clearfix\">\n\t        <div class=\"thumb\"><a href=\"https:\/\/avenida19.com\/en\/services\/architectural-design\/\" title=\"ANTEPROYECTO\"><img loading=\"lazy\" decoding=\"async\" width=\"370\" height=\"220\" src=\"https:\/\/avenida19.com\/wp-content\/uploads\/2017\/03\/6-1.jpg\" class=\"attachment-post-thumbnail size-post-thumbnail wp-post-image\" alt=\"\" srcset=\"https:\/\/avenida19.com\/wp-content\/uploads\/2017\/03\/6-1.jpg 370w, https:\/\/avenida19.com\/wp-content\/uploads\/2017\/03\/6-1-300x178.jpg 300w\" sizes=\"(max-width: 370px) 100vw, 370px\" \/><\/a><\/div>\n\t        <div class=\"service-item-wrap\">\n\t            <h3 class=\"title font-size-18\"><a href=\"https:\/\/avenida19.com\/en\/services\/architectural-design\/\">ANTEPROYECTO<\/a><\/h3>\n\t            <p class=\"desc\"><p>El AnteProyecto de toda casa es de suma importancia para el inicio de cada construcci\u00f3n. Y Avenida 19 esta para ayudarles!<\/p>\n<\/p>\n\t            \t\t            <div class=\"link\">\n\t\t                <a href=\"https:\/\/avenida19.com\/en\/services\/architectural-design\/\" class=\"wprt-button small rounded-3px\">READ MORE<\/a>\n\t\t            <\/div>\n\t\t        \t        <\/div>\n\t    <\/div>\n\t    <div class=\"wprt-spacer\" data-desktop=\"60\" data-mobi=\"30\" data-smobi=\"30\"><\/div>\n\t<\/div>\n\n\t\t<\/div>\n  \t\n<\/div><\/div><\/div><\/div><\/div><div class=\"clearfix\"><\/div><\/section>","protected":false},"excerpt":{"rendered":"QU\u00c9 ES EL ANTEPROYECTO? El proceso de AnteProyecto es todo aquello necesario previo para la construcci\u00f3n de la casa. Y nosotros le ayudamos con todo lo que usted necesita para la realizaci\u00f3n de la misma! We use technology to do the job more quickly Lorem ipsum dolor sit amet, consectetur adipiscing elit. In a metus [...]","protected":false},"author":1,"featured_media":0,"parent":0,"menu_order":0,"comment_status":"closed","ping_status":"closed","template":"page-templates\/template-fullwidth.php","meta":{"footnotes":"","_joinchat":[]},"_links":{"self":[{"href":"https:\/\/avenida19.com\/en\/wp-json\/wp\/v2\/pages\/366"}],"collection":[{"href":"https:\/\/avenida19.com\/en\/wp-json\/wp\/v2\/pages"}],"about":[{"href":"https:\/\/avenida19.com\/en\/wp-json\/wp\/v2\/types\/page"}],"author":[{"embeddable":true,"href":"https:\/\/avenida19.com\/en\/wp-json\/wp\/v2\/users\/1"}],"replies":[{"embeddable":true,"href":"https:\/\/avenida19.com\/en\/wp-json\/wp\/v2\/comments?post=366"}],"version-history":[{"count":0,"href":"https:\/\/avenida19.com\/en\/wp-json\/wp\/v2\/pages\/366\/revisions"}],"wp:attachment":[{"href":"https:\/\/avenida19.com\/en\/wp-json\/wp\/v2\/media?parent=366"}],"curies":[{"name":"wp","href":"https:\/\/api.w.org\/{rel}","templated":true}]}}